{"id":2454,"date":"2019-06-06T16:33:25","date_gmt":"2019-06-06T16:33:25","guid":{"rendered":"http:\/\/usrl.cyi.ac.cy\/?page_id=2454"},"modified":"2025-06-10T10:33:39","modified_gmt":"2025-06-10T10:33:39","slug":"development-2","status":"publish","type":"page","link":"https:\/\/usrl.cyi.ac.cy\/?page_id=2454","title":{"rendered":"Publications"},"content":{"rendered":"<div class=\"wpb-content-wrapper\"><p>[vc_row type=&#8221;vc_default&#8221; css=&#8221;.vc_custom_1498212582492{padding-bottom: 20px !important;}&#8221;][vc_column css=&#8221;.vc_custom_1560262624453{padding-bottom: 10px !important;}&#8221;]<div id=\"ultimate-heading-184669e4c87235f31\" class=\"uvc-heading ult-adjust-bottom-margin ultimate-heading-184669e4c87235f31 uvc-7160 \" data-hspacer=\"no_spacer\"  data-halign=\"left\" style=\"text-align:left\"><div class=\"uvc-heading-spacer no_spacer\" style=\"top\"><\/div><div class=\"uvc-main-heading ult-responsive\"  data-ultimate-target='.uvc-heading.ultimate-heading-184669e4c87235f31 h2'  data-responsive-json-new='{\"font-size\":\"desktop:26px;\",\"line-height\":\"desktop:32px;\"}' ><h2 style=\"font-weight:bold;margin-bottom:20px;\">UAV publications from The Cyprus Institute<\/h2><\/div><\/div>[vc_column_text]<\/p>\n<ol>\n<li style=\"text-align: justify;\">Schrod, J., Weber, D., Dr\u00fccke, J., <strong>Keleshis, C., Pikridas, M.<\/strong>, Ebert, M., Cvetkovi\u0107, B., Nickovic, S., Marinou, E., Baars, H., Ansmann, A., <strong>Vrekoussis, M., Mihalopoulos, N., Sciare, J<\/strong>., Curtius, J., and Bingemer, H. G.: Ice nucleating particles over the Eastern Mediterranean measured by unmanned aircraft systems, Atmos. Chem. Phys., 17, 4817-4835, <strong><a href=\"https:\/\/www.atmos-chem-phys.net\/17\/4817\/2017\/\">https:\/\/doi.org\/10.5194\/acp-17-4817-2017<\/a><\/strong>, <strong>2017. <\/strong><\/li>\n<li style=\"text-align: justify;\">Mamali, D., Marinou, E., <strong>Sciare, J., Pikridas<\/strong>, M., Kokkalis, P., Kottas, M., Binietoglou, I., Tsekeri, A., <strong>Keleshis, C<\/strong>., Engelmann, R., Baars, H., Ansmann, A., Amiridis, V., Russchenberg, H., and <strong>Biskos, G<\/strong>.: Vertical profiles of aerosol mass concentration derived by unmanned airborne in situ and remote sensing instruments during dust events, Atmos. Meas. Tech., 11, 2897-2910, <strong><a href=\"https:\/\/www.atmos-meas-tech.net\/11\/2897\/2018\/\">https:\/\/doi.org\/10.5194\/amt-112897-2018<\/a><\/strong>, <strong>2018<\/strong>.<\/li>\n<li style=\"text-align: justify;\">Tsekeri, A., Amiridis, V., Lopatin, A., Marinou, E., Pikridas, M., <strong>Sciare<\/strong>, J., Kokkalis, P. Aerosol Vertical Profiling Utilizing the Synergy of Lidar, Sunphotometry and In-Situ Measurements in the Framework of the ACTRIS-2 Campaign in Athens. In Perspectives on Atmospheric Sciences (pp. 891-897). Springer International Publishing, <strong>2017 <\/strong><\/li>\n<li style=\"text-align: justify;\">Marinou, E., Tesche, M., Nenes, A., Ansmann, A., Schrod, J., Mamali, D., Tsekeri, A., <strong>Pikridas, M<\/strong>., Baars, H., Engelmann, R., Voudouri, K.-A., Solomos, S., <strong>Sciare, J<\/strong>., Gro\u03b2, S., and Amiridis, V.: Retrieval of ice nucleating particle concentrations from lidar observations: Comparison with airborne in-situ measurements from UAVs, Atmos. Chem. Phys. Discuss., <strong><a href=\"https:\/\/www.atmos-chem-phys-discuss.net\/acp-2018-1203\/\">https:\/\/doi.org\/10.5194\/acp-2018-1203<\/a><\/strong>, in review, <strong>2018 <\/strong><\/li>\n<li style=\"text-align: justify;\">Calmer, R., Roberts, G. C., Sanchez, K. J., <strong>Sciare, J<\/strong>., Sellegri, K., Picard, D., <strong>Vrekoussis, M<\/strong>., and <strong>Pikridas, M<\/strong>.: Aerosol\u2013Cloud Closure Study on Cloud Optical Properties using Remotely Piloted Aircraft Measurements during a BACCHUS Field Campaign in Cyprus, Atmos. Chem. Phys. Discuss., <strong><a href=\"https:\/\/www.atmos-chem-phys-discuss.net\/acp-2019-8\/\">https:\/\/doi.org\/10.5194\/acp-2019-8<\/a><\/strong>, in review, <strong>2019<\/strong>.<\/li>\n<li>Pikridas, M., Bezantakos, S., Mo\u010dnik, G., Keleshis, C., Brechtel, F., Stavroulas, I., Demetriades, G., Antoniou, P., Vouterakos, P., Argyrides, M., Liakakou, E., Drinovec, L., Marinou, E., Amiridis, V., Vrekoussis, M., Mihalopoulos, N., and Sciare, J.: On-flight intercomparison of three miniature aerosol absorption sensors using Unmanned Aerial Systems (UAS), Atmos. Meas. Tech., 12, 6425\u20136447, <a href=\"https:\/\/doi.org\/10.5194\/amt-12-6425-2019\"><strong>https:\/\/doi.org\/10.5194\/amt-12-6425-2019<\/strong><\/a>, <strong>2019<\/strong><\/li>\n<li>Bezantakos, S., M. Costi, K. Barmpounis, P. Antoniou, P. Vouterakos, C. Keleshis, J. Sciare, G. Biskos, Qualification of the Alphasense optical particle counter for inline air quality monitoring, <strong><a href=\"https:\/\/doi.org\/10.1080\/02786826.2020.1864276\">https:\/\/doi.org\/10.1080\/02786826.2020.1864276<\/a><\/strong>, Aer. Sci. and Technol., 1-13, <strong>2020<\/strong><\/li>\n<li>Kezoudi, M., Keleshis, C., Antoniou, P., Biskos, G., Bronz, M., Constantinides, C., Desservettaz, M., Gao, R.-S., Girdwood, J., Harnetiaux, J., Kandler, K., Leonidou, A., Liu, Y., Lelieveld, J., Marenco, F., Mihalopoulos, N., Mo\u010dnik, G., Neitola, K., Paris, J.-D., Pikridas, M., Sarda-Esteve, R., Stopford, C., Unga, F., Vrekoussis, M., Sciare, J. The Unmanned Systems Research Laboratory (USRL) : A New Facility for UAV-Based Atmospheric Observations. Atmosphere, 12, 1042. <strong><a href=\"https:\/\/doi.org\/10.3390\/atmos12081042\">https:\/\/doi.org\/10.3390\/atmos12081042<\/a><\/strong>, <strong>2021<\/strong><\/li>\n<li>\n<p>Kezoudi, M., Tesche, M., Smith, H., Tsekeri, A., Baars, H., Dollner, M., Estell\u00e9s, V., B\u00fchl, J., Weinzierl, B., Ulanowski, Z., M\u00fcller, D., and Amiridis, V.: Measurement report: Balloon-borne in situ profiling of Saharan dust over Cyprus with the UCASS optical particle counter, Atmos. Chem. Phys., 21, 6781\u20136797, <a href=\"https:\/\/doi.org\/10.5194\/acp-21-6781-2021\"><strong>https:\/\/doi.org\/10.5194\/acp-21-6781-2021<\/strong><\/a>, <strong>2021<\/strong><\/p>\n<\/li>\n<li>\n<p>Marinou, E., Paschou, P., Tsikoudi, I., Tsekeri, A., Daskalopoulou, V., Kouklaki, D., Siomos, N., Spanakis-Misirlis, V., Voudouri, K. A., Georgiou, T., Drakaki, E., Kampouri, A., Papachristopoulou, K., Mavropoulou, I., Mallios, S., Proestakis, E., Gkikas, A., Koutsoupi, I., Raptis, I. P., &#8230; Amiridis, V. (2023). An Overview of the ASKOS Campaign in Cabo Verde. Environmental Sciences Proceedings, 26(1), 200. <a href=\"https:\/\/doi.org\/10.3390\/environsciproc2023026200\"><strong>https:\/\/doi.org\/10.3390\/environsciproc2023026200<\/strong><\/a> , <strong>2023<\/strong><\/p>\n<\/li>\n<li>\n<p>Georgia, Peletidou, Papetta Alkistis, Kezoudi Maria, Alvanou Panagiota, Balis Dimitris, and Marenco Franco. &#8220;Lidar, Ceilometer and Drone-Borne Aerosol Profiling during the EVIAN 2022 Campaign in Cyprus.&#8221; Environmental Sciences Proceedings 26, no. 1 (2023): 38.,<strong> <a href=\"https:\/\/doi.org\/10.3390\/environsciproc2023026038\">https:\/\/doi.org\/10.3390\/environsciproc2023026038<\/a><\/strong>, <strong>2023<\/strong><\/p>\n<\/li>\n<li>\n<p>Savvakis, Vasileios, Martin Sch\u00f6n, Keri A. Nicoll, Claire L. Ryder, Alkistis Papetta, Maria Kezoudi, Franco Marenco, Jens Bange, and Andreas Platis. &#8220;In-situ observations of charged Saharan dust from an uncrewed aircraft system.&#8221; Aerosol Science and Technology 58, no. 11 (2024): 1249-1266,<strong> <a href=\"https:\/\/doi.org\/10.1080\/02786826.2024.2372399\">https:\/\/doi.org\/10.1080\/02786826.2024.2372399<\/a><\/strong>. <strong>2024<\/strong><\/p>\n<\/li>\n<li>\n<p>Sch\u00f6n, Martin, et al. &#8220;OPC-Pod: A new sensor payload to measure aerosol particles for small uncrewed aircraft systems.&#8221; Journal of Atmospheric and Oceanic Technology 41.5 (2024): 499-513, <strong><a href=\"https:\/\/doi.org\/10.1175\/JTECH-D-23-0078.1\">https:\/\/doi.org\/10.1175\/JTECH-D-23-0078.1<\/a><\/strong>, <strong>2024<\/strong><\/p>\n<\/li>\n<\/ol>\n<p>[\/vc_column_text][\/vc_column][\/vc_row]<\/p>\n\n\n<p><\/p>\n<\/div>","protected":false},"excerpt":{"rendered":"<p>[vc_row type=&#8221;vc_default&#8221; css=&#8221;.vc_custom_1498212582492{padding-bottom: 20px !important;}&#8221;][vc_column css=&#8221;.vc_custom_1560262624453{padding-bottom: 10px !important;}&#8221;][vc_column_text] Schrod, J., Weber, D., Dr\u00fccke, J., Keleshis, C., Pikridas, M., Ebert, M., Cvetkovi\u0107, B., Nickovic, S., Marinou, E., Baars, H., Ansmann, A., Vrekoussis, M., Mihalopoulos, N., Sciare, J., Curtius, J., and Bingemer, H. G.: Ice nucleating particles over the Eastern Mediterranean measured by unmanned aircraft systems, Atmos.&hellip;<\/p>\n","protected":false},"author":4,"featured_media":0,"parent":0,"menu_order":0,"comment_status":"closed","ping_status":"closed","template":"","meta":{"footnotes":""},"class_list":["post-2454","page","type-page","status-publish","hentry","description-off"],"_links":{"self":[{"href":"https:\/\/usrl.cyi.ac.cy\/index.php?rest_route=\/wp\/v2\/pages\/2454","targetHints":{"allow":["GET"]}}],"collection":[{"href":"https:\/\/usrl.cyi.ac.cy\/index.php?rest_route=\/wp\/v2\/pages"}],"about":[{"href":"https:\/\/usrl.cyi.ac.cy\/index.php?rest_route=\/wp\/v2\/types\/page"}],"author":[{"embeddable":true,"href":"https:\/\/usrl.cyi.ac.cy\/index.php?rest_route=\/wp\/v2\/users\/4"}],"replies":[{"embeddable":true,"href":"https:\/\/usrl.cyi.ac.cy\/index.php?rest_route=%2Fwp%2Fv2%2Fcomments&post=2454"}],"version-history":[{"count":10,"href":"https:\/\/usrl.cyi.ac.cy\/index.php?rest_route=\/wp\/v2\/pages\/2454\/revisions"}],"predecessor-version":[{"id":3487,"href":"https:\/\/usrl.cyi.ac.cy\/index.php?rest_route=\/wp\/v2\/pages\/2454\/revisions\/3487"}],"wp:attachment":[{"href":"https:\/\/usrl.cyi.ac.cy\/index.php?rest_route=%2Fwp%2Fv2%2Fmedia&parent=2454"}],"curies":[{"name":"wp","href":"https:\/\/api.w.org\/{rel}","templated":true}]}}